{"id":407,"date":"2015-11-14T20:30:19","date_gmt":"2015-11-14T19:30:19","guid":{"rendered":"http:\/\/fred-royer.com\/?page_id=407"},"modified":"2015-11-14T20:38:18","modified_gmt":"2015-11-14T19:38:18","slug":"italiano","status":"publish","type":"page","link":"https:\/\/fred-royer.com\/?page_id=407","title":{"rendered":"Italiano"},"content":{"rendered":"<p><span lang=\"it-IT\">Frederic<\/span> <span lang=\"it-IT\">Royer<\/span> <span lang=\"it-IT\">\u00e8 stato un<\/span> <span lang=\"it-IT\">pittore francese<\/span> <span lang=\"it-IT\">nato<\/span> <span lang=\"it-IT\">a Digione nel<\/span> <span lang=\"it-IT\">1974.<\/span><span lang=\"it-IT\"><br \/>\n<\/span><span lang=\"it-IT\">Dopo aver studiato<\/span> <span lang=\"it-IT\">architettura d&rsquo;interni<\/span> <span lang=\"it-IT\">a<\/span> <span lang=\"it-IT\">Ecole<\/span> <span lang=\"it-IT\">Boulle<\/span> <span lang=\"it-IT\">di Parigi<\/span> <span lang=\"it-IT\">fino al 1995<\/span><span lang=\"it-IT\">, <\/span><span lang=\"it-IT\">\u00e8 entrato a far<\/span> <span lang=\"it-IT\">l&rsquo;Ecole<\/span> <span lang=\"it-IT\">Normale Sup\u00e9rieure<\/span> <span lang=\"it-IT\">de<\/span> <span lang=\"it-IT\">Cachan<\/span> <span lang=\"it-IT\">nel 1997.<\/span> <span lang=\"it-IT\">Attualmente insegna<\/span> <span lang=\"it-IT\">design della comunicazione<\/span> <span lang=\"it-IT\">alla<\/span> <span lang=\"it-IT\">ESAAT <\/span><span lang=\"it-IT\">di <\/span><span lang=\"it-IT\">Roubaix<\/span><span lang=\"it-IT\">, accanto a <\/span><span lang=\"it-IT\">praticare<\/span> <span lang=\"it-IT\">la pittura<\/span> <span lang=\"it-IT\">e partecipare a<\/span> <span lang=\"it-IT\">varie mostre.<\/span><\/p>\n<p><span lang=\"it-IT\">Nei suoi dipinti, Frederic Royer utilizza collage, serigrafia o tecniche fotografiche come cianotipia che associa con vernice acrilica. Crea sarcasticamente un universo colorato dove la precisione fotografica si mescola a una sfocatura organizzata di macchie e di striature.<\/span><\/p>\n<p><span lang=\"it-IT\">I suoi dipinti rappresentano corpi inerti e in movimento, intrappolati dai mezzi di informazione. Quasi sempre rappresentati in interni un po &lsquo;datati e stretti, i personaggi sono bloccati nel loro carne. A volte scomposti di fronte ad un televisivo, a volte prostrati guardando foto di stampa serigrafate, questi personnaggi sono pigri e apatici. Quest\u2019 inattivit\u00e0 \u00e8 per\u00f2 turbata dal movimento lento dato dalla sovrapposizione di posizioni che ci ricorda che questi corpi sono vivi. Non mai cadono realmente , sono piuttosto sull&rsquo;orlo di un abisso, sono l\u00ec, catturati e crollati di fronte al flusso continuo di immagini prodotte dal settore dei media. Il tempo sembra essersi fermato in questi interni con carte de parati antiquate e gli esseri che li abitano hanno una certa indolenza contemporanea. Ma il ritratto non \u00e8 nero e il messaggio politico \u00e8 incerto. Questo \u00e8 pi\u00f9 un pretesto per dipingere. Il dipinto \u00e8 visto come un insieme di dualit\u00e0 tra i medium dove intervengono tocche umoristice e riferimenti spostati della cultura popolare e artistica.<\/span><\/p>\n","protected":false},"excerpt":{"rendered":"<p>Frederic Royer \u00e8 stato un pittore francese nato a Digione nel 1974. Dopo aver studiato architettura d&rsquo;interni a Ecole Boulle&#8230; <\/p>\n","protected":false},"author":1,"featured_media":0,"parent":0,"menu_order":0,"comment_status":"closed","ping_status":"closed","template":"","meta":[],"_links":{"self":[{"href":"https:\/\/fred-royer.com\/index.php?rest_route=\/wp\/v2\/pages\/407"}],"collection":[{"href":"https:\/\/fred-royer.com\/index.php?rest_route=\/wp\/v2\/pages"}],"about":[{"href":"https:\/\/fred-royer.com\/index.php?rest_route=\/wp\/v2\/types\/page"}],"author":[{"embeddable":true,"href":"https:\/\/fred-royer.com\/index.php?rest_route=\/wp\/v2\/users\/1"}],"replies":[{"embeddable":true,"href":"https:\/\/fred-royer.com\/index.php?rest_route=%2Fwp%2Fv2%2Fcomments&post=407"}],"version-history":[{"count":2,"href":"https:\/\/fred-royer.com\/index.php?rest_route=\/wp\/v2\/pages\/407\/revisions"}],"predecessor-version":[{"id":425,"href":"https:\/\/fred-royer.com\/index.php?rest_route=\/wp\/v2\/pages\/407\/revisions\/425"}],"wp:attachment":[{"href":"https:\/\/fred-royer.com\/index.php?rest_route=%2Fwp%2Fv2%2Fmedia&parent=407"}],"curies":[{"name":"wp","href":"https:\/\/api.w.org\/{rel}","templated":true}]}}